{"id":125410,"date":"2023-03-08T12:49:39","date_gmt":"2023-03-08T12:49:39","guid":{"rendered":"https:\/\/lukuverkosto.fi\/home\/?page_id=125410"},"modified":"2023-05-02T07:34:28","modified_gmt":"2023-05-02T07:34:28","slug":"roadtrip","status":"publish","type":"page","link":"https:\/\/lukuverkosto.fi\/home\/roadtrip\/","title":{"rendered":"Roadtrip"},"content":{"rendered":"<p>[et_pb_section fb_built=&#8221;1&#8243; admin_label=&#8221;Hero&#8221; _builder_version=&#8221;4.16&#8243; background_image=&#8221;https:\/\/lukuverkosto.fi\/home\/wp-content\/uploads\/2020\/04\/circle-background-pattern.png&#8221; min_height=&#8221;297px&#8221; custom_padding=&#8221;||0px|||&#8221; animation_style=&#8221;zoom&#8221; animation_intensity_zoom=&#8221;4%&#8221; global_colors_info=&#8221;{}&#8221;][et_pb_row _builder_version=&#8221;4.16&#8243; background_size=&#8221;initial&#8221; background_position=&#8221;top_left&#8221; background_repeat=&#8221;repeat&#8221; custom_padding=&#8221;|||&#8221; animation_style=&#8221;slide&#8221; animation_direction=&#8221;top&#8221; animation_intensity_slide=&#8221;3%&#8221; global_colors_info=&#8221;{}&#8221;][et_pb_column type=&#8221;4_4&#8243; _builder_version=&#8221;4.16&#8243; custom_padding=&#8221;|||&#8221; global_colors_info=&#8221;{}&#8221; custom_padding__hover=&#8221;|||&#8221;][et_pb_text _builder_version=&#8221;4.16&#8243; text_font=&#8221;||||||||&#8221; header_font=&#8221;Montserrat|700||on|||||dotted&#8221; header_text_color=&#8221;#353740&#8243; header_line_height=&#8221;1.3em&#8221; background_size=&#8221;initial&#8221; background_position=&#8221;top_left&#8221; background_repeat=&#8221;repeat&#8221; min_height=&#8221;176px&#8221; custom_margin=&#8221;|||&#8221; animation_style=&#8221;fade&#8221; header_font_size_last_edited=&#8221;off|desktop&#8221; locked=&#8221;off&#8221; inline_fonts=&#8221;Actor&#8221; global_colors_info=&#8221;{}&#8221;]<\/p>\n<h1>LUKU-verkoston<\/h1>\n<h1>ROadtrip<\/h1>\n<p>[\/et_pb_text][\/et_pb_column][\/et_pb_row][\/et_pb_section][et_pb_section fb_built=&#8221;1&#8243; admin_label=&#8221;Projects Section&#8221; _builder_version=&#8221;4.16&#8243; min_height=&#8221;1008px&#8221; custom_margin=&#8221;||-72px|||&#8221; custom_padding=&#8221;0px||110px|||&#8221; global_colors_info=&#8221;{}&#8221;][et_pb_row column_structure=&#8221;1_2,1_2&#8243; admin_label=&#8221;Project 02&#8243; _builder_version=&#8221;4.16&#8243; background_size=&#8221;initial&#8221; background_position=&#8221;top_left&#8221; background_repeat=&#8221;repeat&#8221; min_height=&#8221;942px&#8221; custom_margin=&#8221;-78px|auto||auto||&#8221; custom_padding=&#8221;|||&#8221; global_colors_info=&#8221;{}&#8221;][et_pb_column type=&#8221;1_2&#8243; _builder_version=&#8221;4.16&#8243; custom_padding=&#8221;180px||||false|false&#8221; global_colors_info=&#8221;{}&#8221; custom_padding__hover=&#8221;|||&#8221;][et_pb_image src=&#8221;https:\/\/lukuverkosto.fi\/home\/wp-content\/uploads\/2023\/03\/LUKU-verkoston-roadtrip-A4-asiakirja.png&#8221; title_text=&#8221;LUKU-verkoston roadtrip (A4-asiakirja)&#8221; _builder_version=&#8221;4.20.1&#8243; _module_preset=&#8221;default&#8221; global_colors_info=&#8221;{}&#8221;][\/et_pb_image][\/et_pb_column][et_pb_column type=&#8221;1_2&#8243; _builder_version=&#8221;4.16&#8243; custom_padding=&#8221;5%||5%|&#8221; global_colors_info=&#8221;{}&#8221; custom_padding__hover=&#8221;|||&#8221;][et_pb_text admin_label=&#8221;Number&#8221; _builder_version=&#8221;4.16&#8243; text_font=&#8221;Montserrat|on|||&#8221; text_text_color=&#8221;#fcd21d&#8221; text_font_size=&#8221;80px&#8221; text_line_height=&#8221;1em&#8221; background_size=&#8221;initial&#8221; background_position=&#8221;top_left&#8221; background_repeat=&#8221;repeat&#8221; width=&#8221;100%&#8221; custom_padding=&#8221;|0px||||&#8221; animation_style=&#8221;slide&#8221; animation_direction=&#8221;bottom&#8221; animation_intensity_slide=&#8221;20%&#8221; global_colors_info=&#8221;{}&#8221;][\/et_pb_text][et_pb_cta title=&#8221;Kev\u00e4\u00e4ll\u00e4 2023&#8243; button_url=&#8221;https:\/\/www.ikoe.fi\/lohja\/&#8221; url_new_window=&#8221;on&#8221; _builder_version=&#8221;4.20.1&#8243; header_font=&#8221;Montserrat|700|||||||&#8221; header_text_color=&#8221;#353740&#8243; header_line_height=&#8221;1.5em&#8221; body_font=&#8221;Montserrat||||||||&#8221; body_text_color=&#8221;#747d88&#8243; body_line_height=&#8221;1.8em&#8221; use_background_color=&#8221;off&#8221; background_size=&#8221;initial&#8221; background_position=&#8221;top_left&#8221; background_repeat=&#8221;repeat&#8221; custom_button=&#8221;on&#8221; button_text_color=&#8221;#747d88&#8243; button_border_width=&#8221;4px&#8221; button_border_color=&#8221;#747d88&#8243; button_border_radius=&#8221;100px&#8221; button_letter_spacing=&#8221;2px&#8221; button_font=&#8221;Montserrat|700||on|||||&#8221; button_icon=&#8221;&#x45;||divi||400&#8243; button_icon_color=&#8221;#747d88&#8243; text_orientation=&#8221;left&#8221; background_layout=&#8221;light&#8221; animation_style=&#8221;slide&#8221; animation_direction=&#8221;top&#8221; animation_intensity_slide=&#8221;6%&#8221; button_bg_color_hover=&#8221;rgba(0,0,0,0)&#8221; locked=&#8221;off&#8221; global_colors_info=&#8221;{}&#8221; button_text_size__hover_enabled=&#8221;off&#8221; button_one_text_size__hover_enabled=&#8221;off&#8221; button_two_text_size__hover_enabled=&#8221;off&#8221; button_text_color__hover_enabled=&#8221;off&#8221; button_one_text_color__hover_enabled=&#8221;off&#8221; button_two_text_color__hover_enabled=&#8221;off&#8221; button_border_width__hover_enabled=&#8221;off&#8221; button_one_border_width__hover_enabled=&#8221;off&#8221; button_two_border_width__hover_enabled=&#8221;off&#8221; button_border_color__hover_enabled=&#8221;off&#8221; button_one_border_color__hover_enabled=&#8221;off&#8221; button_two_border_color__hover_enabled=&#8221;off&#8221; button_border_radius__hover_enabled=&#8221;off&#8221; button_one_border_radius__hover_enabled=&#8221;off&#8221; button_two_border_radius__hover_enabled=&#8221;off&#8221; button_letter_spacing__hover_enabled=&#8221;off&#8221; button_one_letter_spacing__hover_enabled=&#8221;off&#8221; button_two_letter_spacing__hover_enabled=&#8221;off&#8221; button_bg_color__hover_enabled=&#8221;on&#8221; button_bg_color__hover=&#8221;rgba(0,0,0,0)&#8221; button_one_bg_color__hover_enabled=&#8221;off&#8221; button_two_bg_color__hover_enabled=&#8221;off&#8221;]<\/p>\n<blockquote>\n<p>LUKU-Verkoston koordinaattori huristelevat -verkoston oppilaitoksiin kuluvan kev\u00e4\u00e4n aikana.<\/p>\n<\/blockquote>\n<p>AGENDA<\/p>\n<p><span style=\"font-size: 18px;\">LUKU-verkoston alkuper\u00e4iseksi strategiaksi m\u00e4\u00e4riteltiin digitaalisaation turvaaminen toisen asteen oppilaitoksissa. T\u00e4m\u00e4n tavoitteen t\u00e4ytytty\u00e4, on syyt\u00e4 pohtia uudelleen LUKU-verkoston strategiaa ja toiminta-ajatusta:\u00a0 <strong>Miten LUKU-verkosto voisi tukea opettajan ty\u00f6t\u00e4 2020-luvulla?\u00a0<\/strong><\/span><\/p>\n<p>Roadtripin tavoitteena on kuulla opettajien toiveita ja ajatuksia verkostoyhteisty\u00f6n kehitt\u00e4miseksi. Menneisyys ei sanele tulevaa. Kaikki toimintamallit ovat tulevaisuuden osalta avoimia &#8211; se mit\u00e4 LUKU-verkosto on tulevaisuudessa p\u00e4\u00e4t\u00e4t sin\u00e4.<\/p>\n<p><span style=\"text-decoration: underline;\"><em>Roadtripin aikataulu (p\u00e4ivittyy)<\/em><\/span><\/p>\n<p>Lohjan Yhteislyseon lukio 16.2. klo 12.00-15.00<br \/>Karjaan lukio 13.4. klo 14.15-15.00<br \/>Luksia 20.4. klo 12.00-14.00<br \/>Karkkilan lukio 27.4. klo 10.30-12.00<br \/>Hankoniemen lukio 11.5. klo 11.45-13.00<br \/>Vihdin lukio 17.5. klo 12.00-14.00<\/p>\n<p>&nbsp;<\/p>\n<p>[\/et_pb_cta][\/et_pb_column][\/et_pb_row][\/et_pb_section]<\/p>\n","protected":false},"excerpt":{"rendered":"<p>LUKU-verkoston ROadtrip LUKU-Verkoston koordinaattori huristelevat -verkoston oppilaitoksiin kuluvan kev\u00e4\u00e4n aikana. AGENDA LUKU-verkoston alkuper\u00e4iseksi strategiaksi m\u00e4\u00e4riteltiin digitaalisaation turvaaminen toisen asteen oppilaitoksissa. T\u00e4m\u00e4n tavoitteen t\u00e4ytytty\u00e4, on syyt\u00e4 pohtia uudelleen LUKU-verkoston strategiaa ja toiminta-ajatusta:\u00a0 Miten LUKU-verkosto voisi tukea opettajan ty\u00f6t\u00e4 2020-luvulla?\u00a0 Roadtripin tavoitteena on kuulla opettajien toiveita ja ajatuksia verkostoyhteisty\u00f6n kehitt\u00e4miseksi. Menneisyys ei sanele tulevaa. Kaikki toimintamallit ovat [&hellip;]<\/p>\n","protected":false},"author":1,"featured_media":0,"parent":0,"menu_order":0,"comment_status":"closed","ping_status":"closed","template":"","meta":{"_et_pb_use_builder":"on","_et_pb_old_content":"","_et_gb_content_width":"","footnotes":""},"jetpack_sharing_enabled":true,"jetpack_shortlink":"https:\/\/wp.me\/PbOzcb-wCK","_links":{"self":[{"href":"https:\/\/lukuverkosto.fi\/home\/wp-json\/wp\/v2\/pages\/125410"}],"collection":[{"href":"https:\/\/lukuverkosto.fi\/home\/wp-json\/wp\/v2\/pages"}],"about":[{"href":"https:\/\/lukuverkosto.fi\/home\/wp-json\/wp\/v2\/types\/page"}],"author":[{"embeddable":true,"href":"https:\/\/lukuverkosto.fi\/home\/wp-json\/wp\/v2\/users\/1"}],"replies":[{"embeddable":true,"href":"https:\/\/lukuverkosto.fi\/home\/wp-json\/wp\/v2\/comments?post=125410"}],"version-history":[{"count":16,"href":"https:\/\/lukuverkosto.fi\/home\/wp-json\/wp\/v2\/pages\/125410\/revisions"}],"predecessor-version":[{"id":125458,"href":"https:\/\/lukuverkosto.fi\/home\/wp-json\/wp\/v2\/pages\/125410\/revisions\/125458"}],"wp:attachment":[{"href":"https:\/\/lukuverkosto.fi\/home\/wp-json\/wp\/v2\/media?parent=125410"}],"curies":[{"name":"wp","href":"https:\/\/api.w.org\/{rel}","templated":true}]}}