{"id":124941,"date":"2021-09-29T10:37:37","date_gmt":"2021-09-29T10:37:37","guid":{"rendered":"https:\/\/lukuverkosto.fi\/home\/?page_id=124941"},"modified":"2021-10-07T11:21:20","modified_gmt":"2021-10-07T11:21:20","slug":"erasmus","status":"publish","type":"page","link":"https:\/\/lukuverkosto.fi\/home\/erasmus\/","title":{"rendered":"Erasmus Q &#038; A 6.10.2021"},"content":{"rendered":"<p>[et_pb_section fb_built=&#8221;1&#8243; admin_label=&#8221;Hero&#8221; _builder_version=&#8221;4.4.3&#8243; background_color=&#8221;#e8e8e8&#8243; background_enable_image=&#8221;off&#8221; min_height=&#8221;269px&#8221; custom_margin=&#8221;||-226px|||&#8221; custom_padding=&#8221;|||&#8221; animation_style=&#8221;zoom&#8221; animation_intensity_zoom=&#8221;4%&#8221; global_colors_info=&#8221;{}&#8221;][et_pb_row _builder_version=&#8221;4.4.3&#8243; background_size=&#8221;initial&#8221; background_position=&#8221;top_left&#8221; background_repeat=&#8221;repeat&#8221; custom_padding=&#8221;|||&#8221; animation_style=&#8221;slide&#8221; animation_direction=&#8221;top&#8221; animation_intensity_slide=&#8221;3%&#8221; global_colors_info=&#8221;{}&#8221;][et_pb_column type=&#8221;4_4&#8243; _builder_version=&#8221;3.25&#8243; custom_padding=&#8221;|||&#8221; global_colors_info=&#8221;{}&#8221; custom_padding__hover=&#8221;|||&#8221;][et_pb_text _builder_version=&#8221;3.27.4&#8243; text_font=&#8221;||||||||&#8221; header_font=&#8221;Montserrat|700||on|||||dotted&#8221; header_text_color=&#8221;#353740&#8243; header_line_height=&#8221;1.3em&#8221; background_size=&#8221;initial&#8221; background_position=&#8221;top_left&#8221; background_repeat=&#8221;repeat&#8221; min_height=&#8221;18px&#8221; custom_margin=&#8221;-24px||-120px|||&#8221; custom_padding=&#8221;||0px|||&#8221; animation_style=&#8221;fade&#8221; header_font_size_last_edited=&#8221;off|desktop&#8221; locked=&#8221;off&#8221; inline_fonts=&#8221;Actor,Ubuntu&#8221; global_colors_info=&#8221;{}&#8221;]<\/p>\n<h1><span style=\"font-family: Ubuntu; font-weight: normal;\"><strong><span style=\"font-size: xx-large;\">ERasmus+ Q&amp;A -podcast<br \/><\/span><\/strong><\/span><span style=\"font-size: x-large; font-weight: normal;\">&#8211; Sanna Benamar (Lohjan yhteislyseon lukio)<\/span><\/h1>\n<p>&nbsp;<\/p>\n<p>[\/et_pb_text][\/et_pb_column][\/et_pb_row][\/et_pb_section][et_pb_section fb_built=&#8221;1&#8243; admin_label=&#8221;Projects Section&#8221; _builder_version=&#8221;4.11.1&#8243; background_color=&#8221;#e8e8e8&#8243; custom_margin=&#8221;|||&#8221; custom_padding=&#8221;0px||0px|||&#8221; global_colors_info=&#8221;{}&#8221;][et_pb_row column_structure=&#8221;1_2,1_2&#8243; admin_label=&#8221;Project 02&#8243; _builder_version=&#8221;4.11.1&#8243; background_size=&#8221;initial&#8221; background_position=&#8221;top_left&#8221; background_repeat=&#8221;repeat&#8221; min_height=&#8221;587px&#8221; custom_margin=&#8221;50px|||&#8221; custom_padding=&#8221;72px||0px|||&#8221; global_colors_info=&#8221;{}&#8221;][et_pb_column type=&#8221;1_2&#8243; _builder_version=&#8221;4.4.3&#8243; custom_padding=&#8221;180px||||false|false&#8221; global_colors_info=&#8221;{}&#8221; custom_padding__hover=&#8221;|||&#8221;][et_pb_audio audio=&#8221;https:\/\/lukuverkosto.fi\/home\/wp-content\/uploads\/2021\/10\/Erasmus-projekti-haastattelu-Benamar-Lindvall-kaksois-kysymys-poistettu.mp3&#8243; title=&#8221;Erasmus+ Q&#038;A&#8221; album_name=&#8221;Sanna Benamar&#8221; _builder_version=&#8221;4.11.1&#8243; _module_preset=&#8221;default&#8221; background_image=&#8221;https:\/\/lukuverkosto.fi\/home\/wp-content\/uploads\/2021\/10\/sterlinglanier-lanier-NlKx5eQF9do-unsplash.jpg&#8221; global_colors_info=&#8221;{}&#8221;][\/et_pb_audio][\/et_pb_column][et_pb_column type=&#8221;1_2&#8243; _builder_version=&#8221;4.11.1&#8243; custom_padding=&#8221;5%||5%|&#8221; global_colors_info=&#8221;{}&#8221; custom_padding__hover=&#8221;|||&#8221;][et_pb_text admin_label=&#8221;Number&#8221; _builder_version=&#8221;4.11.1&#8243; text_font=&#8221;Montserrat|on|||&#8221; text_text_color=&#8221;#fcd21d&#8221; text_font_size=&#8221;72px&#8221; text_line_height=&#8221;1em&#8221; background_size=&#8221;initial&#8221; background_position=&#8221;top_left&#8221; background_repeat=&#8221;repeat&#8221; min_height=&#8221;65px&#8221; animation_style=&#8221;slide&#8221; animation_direction=&#8221;bottom&#8221; animation_intensity_slide=&#8221;20%&#8221; inline_fonts=&#8221;Abel&#8221; global_colors_info=&#8221;{}&#8221;]<\/p>\n<p><span style=\"color: #efca6b;\"><\/span><\/p>\n<p><span style=\"font-family: Abel; font-weight: normal;\"><strong><span style=\"color: #efca6b; font-size: xx-large;\">SIS\u00c4LT\u00d6<\/span><\/strong><\/span><\/p>\n<p>[\/et_pb_text][et_pb_cta button_url=&#8221;https:\/\/ec.europa.eu\/programmes\/erasmus-plus\/node_fi&#8221; url_new_window=&#8221;on&#8221; button_text=&#8221;LIS\u00c4TIEtOJA ERASMUS+ HANKKEISTA&#8221; _builder_version=&#8221;4.11.1&#8243; header_level=&#8221;h3&#8243; header_font=&#8221;Montserrat|700|||||||&#8221; header_text_color=&#8221;#353740&#8243; header_line_height=&#8221;1.5em&#8221; body_font=&#8221;Montserrat||||||||&#8221; body_text_color=&#8221;#747d88&#8243; body_line_height=&#8221;1.8em&#8221; use_background_color=&#8221;off&#8221; background_size=&#8221;initial&#8221; background_position=&#8221;top_left&#8221; background_repeat=&#8221;repeat&#8221; custom_button=&#8221;on&#8221; button_text_color=&#8221;#747d88&#8243; button_border_width=&#8221;4px&#8221; button_border_color=&#8221;#747d88&#8243; button_border_radius=&#8221;100px&#8221; button_letter_spacing=&#8221;2px&#8221; button_font=&#8221;Montserrat|700||on|||||&#8221; button_icon=&#8221;%%36%%&#8221; button_icon_color=&#8221;#747d88&#8243; text_orientation=&#8221;left&#8221; background_layout=&#8221;light&#8221; min_height=&#8221;369px&#8221; custom_margin=&#8221;-99px||69px|||&#8221; custom_padding=&#8221;70px|||||&#8221; animation_style=&#8221;slide&#8221; animation_direction=&#8221;top&#8221; animation_intensity_slide=&#8221;6%&#8221; button_bg_color_hover=&#8221;rgba(0,0,0,0)&#8221; locked=&#8221;off&#8221; inline_fonts=&#8221;Abel&#8221; global_colors_info=&#8221;{}&#8221; button_text_size__hover_enabled=&#8221;off&#8221; button_one_text_size__hover_enabled=&#8221;off&#8221; button_two_text_size__hover_enabled=&#8221;off&#8221; button_text_color__hover_enabled=&#8221;off&#8221; button_one_text_color__hover_enabled=&#8221;off&#8221; button_two_text_color__hover_enabled=&#8221;off&#8221; button_border_width__hover_enabled=&#8221;off&#8221; button_one_border_width__hover_enabled=&#8221;off&#8221; button_two_border_width__hover_enabled=&#8221;off&#8221; button_border_color__hover_enabled=&#8221;off&#8221; button_one_border_color__hover_enabled=&#8221;off&#8221; button_two_border_color__hover_enabled=&#8221;off&#8221; button_border_radius__hover_enabled=&#8221;off&#8221; button_one_border_radius__hover_enabled=&#8221;off&#8221; button_two_border_radius__hover_enabled=&#8221;off&#8221; button_letter_spacing__hover_enabled=&#8221;off&#8221; button_one_letter_spacing__hover_enabled=&#8221;off&#8221; button_two_letter_spacing__hover_enabled=&#8221;off&#8221; button_bg_color__hover_enabled=&#8221;on&#8221; button_bg_color__hover=&#8221;rgba(0,0,0,0)&#8221; button_one_bg_color__hover_enabled=&#8221;off&#8221; button_two_bg_color__hover_enabled=&#8221;off&#8221;]<\/p>\n<p><span><b><\/b><\/span><\/p>\n<ol>\n<li>Mit\u00e4 Erasmus+ projektin vet\u00e4j\u00e4lt\u00e4 vaaditaan?<\/li>\n<li>Mink\u00e4laisia resursseja Erasmus+ projekti vaatii oppilaitokselta kautta koordinaattorilta?<\/li>\n<li>Kuinka tehd\u00e4 onnistunut Erasmus+ hakemus?<\/li>\n<li>Mitk\u00e4 ovat koordinaattorin t\u00e4rkeimm\u00e4t ty\u00f6teht\u00e4v\u00e4t projektin alkuvaiheessa?<\/li>\n<li>Mihin tarvitaan koekaniineja?<\/li>\n<\/ol>\n<p>(Haastattelija: Misha Lindvall, editointi ja tuotanto: Aleksi Hakkarainen)<\/p>\n<p>&nbsp;<\/p>\n<p>[\/et_pb_cta][\/et_pb_column][\/et_pb_row][\/et_pb_section][et_pb_section fb_built=&#8221;1&#8243; _builder_version=&#8221;4.11.1&#8243; _module_preset=&#8221;default&#8221; hover_enabled=&#8221;0&#8243; sticky_enabled=&#8221;0&#8243; custom_padding=&#8221;1px||0px|||&#8221;][et_pb_row _builder_version=&#8221;4.11.1&#8243; _module_preset=&#8221;default&#8221; hover_enabled=&#8221;0&#8243; sticky_enabled=&#8221;0&#8243;][et_pb_column _builder_version=&#8221;4.11.1&#8243; _module_preset=&#8221;default&#8221; type=&#8221;4_4&#8243;][et_pb_image src=&#8221;https:\/\/lukuverkosto.fi\/home\/wp-content\/uploads\/2021\/10\/logosbeneficaireserasmusright_fi_0.jpg&#8221; _builder_version=&#8221;4.11.1&#8243; _module_preset=&#8221;default&#8221; hover_enabled=&#8221;0&#8243; sticky_enabled=&#8221;0&#8243; title_text=&#8221;logosbeneficaireserasmusright_fi_0&#8243; custom_padding=&#8221;|925px|4px|||&#8221;][\/et_pb_image][\/et_pb_column][\/et_pb_row][et_pb_row _builder_version=&#8221;4.11.1&#8243; _module_preset=&#8221;default&#8221; hover_enabled=&#8221;0&#8243; sticky_enabled=&#8221;0&#8243; custom_padding=&#8221;8px|||||&#8221; custom_margin=&#8221;|auto|-9px|auto||&#8221; min_height=&#8221;20px&#8221;][et_pb_column _builder_version=&#8221;4.11.1&#8243; _module_preset=&#8221;default&#8221; type=&#8221;4_4&#8243; hover_enabled=&#8221;0&#8243; sticky_enabled=&#8221;0&#8243;][et_pb_text _builder_version=&#8221;4.11.1&#8243; _module_preset=&#8221;default&#8221; hover_enabled=&#8221;0&#8243; sticky_enabled=&#8221;0&#8243; custom_margin=&#8221;-40px||-32px|||&#8221;]<\/p>\n<p><span style=\"font-size: small;\">Euroopan komissio ei vastaa julkaisun sis\u00e4ll\u00f6st\u00e4. Lis\u00e4tietoa Erasmus+ -ohjelmasta: <a href=\"http:\/\/www.oph.fi\/erasmusplus\" target=\"_blank\" rel=\"noopener noreferrer\" data-auth=\"NotApplicable\" data-linkindex=\"1\">www.oph.fi\/erasmusplus<\/a>.<\/span><\/p>\n<p>[\/et_pb_text][\/et_pb_column][\/et_pb_row][\/et_pb_section]<\/p>\n","protected":false},"excerpt":{"rendered":"<p>ERasmus+ Q&amp;A -podcast- Sanna Benamar (Lohjan yhteislyseon lukio) &nbsp; SIS\u00c4LT\u00d6 Mit\u00e4 Erasmus+ projektin vet\u00e4j\u00e4lt\u00e4 vaaditaan? Mink\u00e4laisia resursseja Erasmus+ projekti vaatii oppilaitokselta kautta koordinaattorilta? Kuinka tehd\u00e4 onnistunut Erasmus+ hakemus? Mitk\u00e4 ovat koordinaattorin t\u00e4rkeimm\u00e4t ty\u00f6teht\u00e4v\u00e4t projektin alkuvaiheessa? Mihin tarvitaan koekaniineja? (Haastattelija: Misha Lindvall, editointi ja tuotanto: Aleksi Hakkarainen) &nbsp;Euroopan komissio ei vastaa julkaisun sis\u00e4ll\u00f6st\u00e4. Lis\u00e4tietoa Erasmus+ -ohjelmasta: [&hellip;]<\/p>\n","protected":false},"author":1,"featured_media":0,"parent":0,"menu_order":0,"comment_status":"closed","ping_status":"closed","template":"","meta":{"_et_pb_use_builder":"on","_et_pb_old_content":"","_et_gb_content_width":"","footnotes":""},"jetpack_sharing_enabled":true,"jetpack_shortlink":"https:\/\/wp.me\/PbOzcb-wvb","_links":{"self":[{"href":"https:\/\/lukuverkosto.fi\/home\/wp-json\/wp\/v2\/pages\/124941"}],"collection":[{"href":"https:\/\/lukuverkosto.fi\/home\/wp-json\/wp\/v2\/pages"}],"about":[{"href":"https:\/\/lukuverkosto.fi\/home\/wp-json\/wp\/v2\/types\/page"}],"author":[{"embeddable":true,"href":"https:\/\/lukuverkosto.fi\/home\/wp-json\/wp\/v2\/users\/1"}],"replies":[{"embeddable":true,"href":"https:\/\/lukuverkosto.fi\/home\/wp-json\/wp\/v2\/comments?post=124941"}],"version-history":[{"count":20,"href":"https:\/\/lukuverkosto.fi\/home\/wp-json\/wp\/v2\/pages\/124941\/revisions"}],"predecessor-version":[{"id":125058,"href":"https:\/\/lukuverkosto.fi\/home\/wp-json\/wp\/v2\/pages\/124941\/revisions\/125058"}],"wp:attachment":[{"href":"https:\/\/lukuverkosto.fi\/home\/wp-json\/wp\/v2\/media?parent=124941"}],"curies":[{"name":"wp","href":"https:\/\/api.w.org\/{rel}","templated":true}]}}